{"id":18,"date":"2023-08-30T23:07:51","date_gmt":"2023-08-30T21:07:51","guid":{"rendered":"https:\/\/canariaseurobaterias.com\/?page_id=18"},"modified":"2023-12-08T15:32:57","modified_gmt":"2023-12-08T14:32:57","slug":"quienes-somos","status":"publish","type":"page","link":"https:\/\/canariaseurobaterias.com\/index.php\/quienes-somos\/","title":{"rendered":"Qui\u00e9nes somos"},"content":{"rendered":"<div class=\"fusion-fullwidth fullwidth-box fusion-builder-row-1 fusion-flex-container has-pattern-background has-mask-background nonhundred-percent-fullwidth non-hundred-percent-height-scrolling\" style=\"--awb-border-radius-top-left:0px;--awb-border-radius-top-right:0px;--awb-border-radius-bottom-right:0px;--awb-border-radius-bottom-left:0px;--awb-margin-top:0px;--awb-flex-wrap:wrap;\" ><div class=\"fusion-builder-row fusion-row fusion-flex-align-items-flex-start fusion-flex-content-wrap\" style=\"max-width:1248px;margin-left: calc(-4% \/ 2 );margin-right: calc(-4% \/ 2 );\"><div class=\"fusion-layout-column fusion_builder_column fusion-builder-column-0 fusion_builder_column_1_1 1_1 fusion-flex-column\" style=\"--awb-bg-size:cover;--awb-width-large:100%;--awb-margin-top-large:0px;--awb-spacing-right-large:1.92%;--awb-margin-bottom-large:20px;--awb-spacing-left-large:1.92%;--awb-width-medium:100%;--awb-order-medium:0;--awb-spacing-right-medium:1.92%;--awb-spacing-left-medium:1.92%;--awb-width-small:100%;--awb-order-small:0;--awb-spacing-right-small:1.92%;--awb-spacing-left-small:1.92%;\"><div class=\"fusion-column-wrapper fusion-column-has-shadow fusion-flex-justify-content-flex-start fusion-content-layout-column\"><div class=\"fusion-title title fusion-title-1 sep-underline sep-solid fusion-title-text fusion-title-size-two\" style=\"--awb-sep-color:var(--awb-custom_color_1);\"><h2 class=\"fusion-title-heading title-heading-left\" style=\"margin:0;\">Qui\u00e9nes somos<\/h2><\/div><div class=\"fusion-text fusion-text-1\"><p style=\"text-align: justify;\"><strong>Canarias Euro Bater\u00edas, S.L.<\/strong> surgi\u00f3 en el a\u00f1o 2001, en esa fecha como consecuencia de la dilatada experiencia de m\u00e1s de 30 a\u00f1os en el sector de la automoci\u00f3n de sus responsables ( ahora m\u00e1s de 50 a\u00f1os ), nuestra idea fue crear una empresa especializada en bater\u00edas ( acumuladores ) y sus accesorios ( comprobadores, cargadores, amper\u00edmetros, terminales \u2026 ) Adem\u00e1s, actualmente tenemos un servicio postventa para informar y colaborar en la soluci\u00f3n de problemas que se pudieran originar relacionados con todo tipo de bater\u00edas suministradas por nuestra empresa, teniendo como objetivo diferenciarnos por ofrecer CALIDAD, SERVICIO Y MARCAS a todos nuestros clientes.<\/p>\n<p style=\"text-align: justify;\">Pens\u00e1bamos y pensamos que quien se dedica a un solo producto y se actualiza, adem\u00e1s continuamente, tiene muchos m\u00e1s conocimientos que aquellos que se dedican a muchos productos ( frenos, aceites, suspensiones, filtros\u2026 ) Lo que empez\u00f3 siendo una peque\u00f1a empresa especializada en bater\u00edas, ha ido creciendo gracias a la inestimable ayuda de nuestros proveedores pero tambi\u00e9n al esfuerzo de nuestro equipo humano y a una marca l\u00edder que siempre hemos ofrecido a nuestros clientes, a los que les agradecemos enormemente su confianza y fidelidad con nosotros. La(s) marca(s) y el servicio a nuestros clientes, han sido el eje fundamental de Canarias Euro Bater\u00edas, S.L. durante estos a\u00f1os. Ofrecer bater\u00edas de \u00faltima tecnolog\u00eda y que \u00e9stas vayan por delante en investigaci\u00f3n nos ayuda a poder brindar la mejor relaci\u00f3n calidad-precio y que nuestros clientes sientan estar siempre asesorados por profesionales con experiencia. En la actualidad, tenemos en nuestro almac\u00e9n en existencia unas 5.000 bater\u00edas para todo tipo de aplicaciones: turismos, veh\u00edculos industriales ( guaguas , camiones\u2026 ) motos y aplicaciones especiales ( ambulancias, caravanas, embarcaciones, tracci\u00f3n, ups\u2026 ) con una constante rotaci\u00f3n, por lo que se hace pr\u00e1cticamente imposible que \u00e9stas est\u00e9n almacenadas m\u00e1s de tres meses.<\/p>\n<p style=\"text-align: justify;\">Nuestra empresa no cambia y sigue ofreciendo aquella bater\u00eda para que se obtenga por parte de nuestros clientes el mayor rendimiento = menos gastos, o sea, marca(s) l\u00edder en desarrollo y con la tecnolog\u00eda mas avanzada ( xEV \u2013 Star Stop \u2013 EFB ) con una experiencia de m\u00e1s de 100 a\u00f1os y siempre cumpliendo con las normativas m\u00e1s exigentes. Como ejemplo, 7 de cada 10 veh\u00edculos de nueva fabricaci\u00f3n con tecnolog\u00eda AGM vienen de origen, precisamente, con la marca que nos identifica: VARTA.<\/p>\n<p style=\"text-align: justify;\">El medioambiente es muy importante para nosotros y de siempre colaboramos intensamente en el proceso para que cada vez todos reciclemos m\u00e1s seg\u00fan las normas que marcan las leyes m\u00e1s rigurosas.<\/p>\n<\/div><\/div><\/div><\/div><\/div>\n","protected":false},"excerpt":{"rendered":"","protected":false},"author":1,"featured_media":0,"parent":0,"menu_order":0,"comment_status":"closed","ping_status":"closed","template":"100-width.php","meta":{"footnotes":""},"class_list":["post-18","page","type-page","status-publish","hentry"],"_links":{"self":[{"href":"https:\/\/canariaseurobaterias.com\/index.php\/wp-json\/wp\/v2\/pages\/18","targetHints":{"allow":["GET"]}}],"collection":[{"href":"https:\/\/canariaseurobaterias.com\/index.php\/wp-json\/wp\/v2\/pages"}],"about":[{"href":"https:\/\/canariaseurobaterias.com\/index.php\/wp-json\/wp\/v2\/types\/page"}],"author":[{"embeddable":true,"href":"https:\/\/canariaseurobaterias.com\/index.php\/wp-json\/wp\/v2\/users\/1"}],"replies":[{"embeddable":true,"href":"https:\/\/canariaseurobaterias.com\/index.php\/wp-json\/wp\/v2\/comments?post=18"}],"version-history":[{"count":34,"href":"https:\/\/canariaseurobaterias.com\/index.php\/wp-json\/wp\/v2\/pages\/18\/revisions"}],"predecessor-version":[{"id":221,"href":"https:\/\/canariaseurobaterias.com\/index.php\/wp-json\/wp\/v2\/pages\/18\/revisions\/221"}],"wp:attachment":[{"href":"https:\/\/canariaseurobaterias.com\/index.php\/wp-json\/wp\/v2\/media?parent=18"}],"curies":[{"name":"wp","href":"https:\/\/api.w.org\/{rel}","templated":true}]}}