{"id":294,"date":"2023-12-19T00:08:00","date_gmt":"2023-12-18T23:08:00","guid":{"rendered":"https:\/\/canariaseurobaterias.com\/?page_id=294"},"modified":"2025-10-09T12:28:01","modified_gmt":"2025-10-09T10:28:01","slug":"caravanas-y-embarcaciones","status":"publish","type":"page","link":"https:\/\/canariaseurobaterias.com\/index.php\/caravanas-y-embarcaciones\/","title":{"rendered":"Caravanas y embarcaciones"},"content":{"rendered":"<p><div class=\"fusion-fullwidth fullwidth-box fusion-builder-row-1 fusion-flex-container has-pattern-background has-mask-background nonhundred-percent-fullwidth non-hundred-percent-height-scrolling\" style=\"--awb-border-radius-top-left:0px;--awb-border-radius-top-right:0px;--awb-border-radius-bottom-right:0px;--awb-border-radius-bottom-left:0px;--awb-flex-wrap:wrap;\" ><div class=\"fusion-builder-row fusion-row fusion-flex-align-items-flex-start fusion-flex-content-wrap\" style=\"max-width:1248px;margin-left: calc(-4% \/ 2 );margin-right: calc(-4% \/ 2 );\"><div class=\"fusion-layout-column fusion_builder_column fusion-builder-column-0 fusion_builder_column_1_1 1_1 fusion-flex-column\" style=\"--awb-bg-size:cover;--awb-width-large:100%;--awb-margin-top-large:0px;--awb-spacing-right-large:1.92%;--awb-margin-bottom-large:20px;--awb-spacing-left-large:1.92%;--awb-width-medium:100%;--awb-order-medium:0;--awb-spacing-right-medium:1.92%;--awb-spacing-left-medium:1.92%;--awb-width-small:100%;--awb-order-small:0;--awb-spacing-right-small:1.92%;--awb-spacing-left-small:1.92%;\"><div class=\"fusion-column-wrapper fusion-column-has-shadow fusion-flex-justify-content-flex-start fusion-content-layout-column\"><div class=\"fusion-title title fusion-title-1 sep-underline sep-solid fusion-title-center fusion-title-text fusion-title-size-three\" style=\"--awb-sep-color:var(--awb-custom_color_1);\"><h3 class=\"fusion-title-heading title-heading-center\" style=\"margin:0;\">Caravanas y embarcaciones<\/h3><\/div><div class=\"fusion-slider-sc\"><div class=\"fusion-flexslider-loading flexslider flexslider-hover-type-none\" data-slideshow_autoplay=\"1\" data-slideshow_smooth_height=\"0\" data-slideshow_speed=\"7000\" style=\"max-width:100%;height:100%;\"><ul class=\"slides\"><li class=\"image\"><span class=\"fusion-image-hover-element hover-type-none\"><img decoding=\"async\" src=\"https:\/\/canariaseurobaterias.com\/wp-content\/uploads\/2024\/01\/Embarcaciones-banner.jpg\" width=\"2080\" height=\"700\" class=\"wp-image-349\" srcset=\"https:\/\/canariaseurobaterias.com\/wp-content\/uploads\/2024\/01\/Embarcaciones-banner-200x67.jpg 200w, https:\/\/canariaseurobaterias.com\/wp-content\/uploads\/2024\/01\/Embarcaciones-banner-400x135.jpg 400w, https:\/\/canariaseurobaterias.com\/wp-content\/uploads\/2024\/01\/Embarcaciones-banner-600x202.jpg 600w, https:\/\/canariaseurobaterias.com\/wp-content\/uploads\/2024\/01\/Embarcaciones-banner-800x269.jpg 800w, https:\/\/canariaseurobaterias.com\/wp-content\/uploads\/2024\/01\/Embarcaciones-banner-1200x404.jpg 1200w, https:\/\/canariaseurobaterias.com\/wp-content\/uploads\/2024\/01\/Embarcaciones-banner.jpg 2080w\" sizes=\"(max-width: 640px) 100vw, 1200px\" \/><\/span><\/li><\/ul><\/div><\/div><\/div><\/div><\/div><\/div><div class=\"fusion-fullwidth fullwidth-box fusion-builder-row-2 fusion-flex-container nonhundred-percent-fullwidth non-hundred-percent-height-scrolling\" style=\"--link_hover_color: #ef15d9;--link_color: #ef15d9;--awb-border-sizes-top:0px;--awb-border-sizes-bottom:0px;--awb-border-sizes-left:0px;--awb-border-sizes-right:0px;--awb-border-color:#d1d1d1;--awb-border-radius-top-left:0px;--awb-border-radius-top-right:0px;--awb-border-radius-bottom-right:0px;--awb-border-radius-bottom-left:0px;--awb-padding-top:40px;--awb-padding-right:30px;--awb-padding-bottom:40px;--awb-padding-left:30px;--awb-padding-top-medium:72px;--awb-padding-bottom-medium:72px;--awb-padding-top-small:48px;--awb-padding-bottom-small:48px;--awb-margin-top:0px;--awb-margin-bottom:0px;--awb-background-color:#ffffff;--awb-flex-wrap:wrap;\" ><div class=\"fusion-builder-row fusion-row fusion-flex-align-items-stretch fusion-flex-content-wrap\" style=\"max-width:1248px;margin-left: calc(-4% \/ 2 );margin-right: calc(-4% \/ 2 );\"><div class=\"fusion-layout-column fusion_builder_column fusion-builder-column-1 fusion_builder_column_1_3 1_3 fusion-flex-column fusion-animated\" style=\"--awb-bg-color:#eeedef;--awb-bg-color-hover:#eeedef;--awb-bg-size:cover;--awb-width-large:33.333333333333%;--awb-margin-top-large:0px;--awb-spacing-right-large:5.76%;--awb-margin-bottom-large:0px;--awb-spacing-left-large:5.76%;--awb-width-medium:33.333333333333%;--awb-order-medium:0;--awb-spacing-right-medium:5.76%;--awb-spacing-left-medium:5.76%;--awb-width-small:100%;--awb-order-small:1;--awb-spacing-right-small:1.92%;--awb-margin-bottom-small:40px;--awb-spacing-left-small:1.92%;\" data-animationType=\"fadeInUp\" data-animationDuration=\"1.3\" data-animationOffset=\"top-into-view\"><div class=\"fusion-column-wrapper fusion-column-has-shadow fusion-flex-justify-content-flex-start fusion-content-layout-column\"><div class=\"fusion-builder-row fusion-builder-row-inner fusion-row fusion-flex-align-items-stretch fusion-flex-content-wrap\" style=\"width:104% !important;max-width:104% !important;margin-left: calc(-4% \/ 2 );margin-right: calc(-4% \/ 2 );\"><div class=\"fusion-layout-column fusion_builder_column_inner fusion-builder-nested-column-0 fusion_builder_column_inner_1_1 1_1 fusion-flex-column\" style=\"--awb-padding-left:31px;--awb-bg-size:cover;--awb-width-large:100%;--awb-margin-top-large:35px;--awb-spacing-right-large:1.92%;--awb-margin-bottom-large:33px;--awb-spacing-left-large:1.92%;--awb-width-medium:100%;--awb-order-medium:0;--awb-spacing-right-medium:1.92%;--awb-spacing-left-medium:1.92%;--awb-width-small:100%;--awb-order-small:0;--awb-spacing-right-small:1.92%;--awb-spacing-left-small:1.92%;\"><div class=\"fusion-column-wrapper fusion-column-has-shadow fusion-flex-justify-content-flex-start fusion-content-layout-column\"><div class=\"fusion-image-carousel fusion-image-carousel-auto fusion-image-carousel-1\"><div class=\"awb-carousel awb-swiper awb-swiper-carousel\" data-autoplay=\"yes\" data-columns=\"1\" data-itemmargin=\"13\" data-itemwidth=\"180\" data-touchscroll=\"no\" data-imagesize=\"auto\" style=\"--awb-columns:1;\"><div class=\"swiper-wrapper awb-image-carousel-wrapper fusion-flex-align-items-center\"><div class=\"swiper-slide\"><div class=\"fusion-carousel-item-wrapper\"><div class=\"fusion-image-wrapper hover-type-none\"><img decoding=\"async\" width=\"300\" height=\"300\" src=\"https:\/\/canariaseurobaterias.com\/wp-content\/uploads\/2025\/10\/5-2.png\" class=\"attachment-full size-full\" alt=\"\" srcset=\"https:\/\/canariaseurobaterias.com\/wp-content\/uploads\/2025\/10\/5-2-66x66.png 66w, https:\/\/canariaseurobaterias.com\/wp-content\/uploads\/2025\/10\/5-2-150x150.png 150w, https:\/\/canariaseurobaterias.com\/wp-content\/uploads\/2025\/10\/5-2-200x200.png 200w, https:\/\/canariaseurobaterias.com\/wp-content\/uploads\/2025\/10\/5-2.png 300w\" sizes=\"(max-width: 300px) 100vw, 300px\" \/><\/div><\/div><\/div><div class=\"swiper-slide\"><div class=\"fusion-carousel-item-wrapper\"><div class=\"fusion-image-wrapper hover-type-none\"><img decoding=\"async\" width=\"300\" height=\"300\" src=\"https:\/\/canariaseurobaterias.com\/wp-content\/uploads\/2025\/10\/6-1.png\" class=\"attachment-full size-full\" alt=\"\" srcset=\"https:\/\/canariaseurobaterias.com\/wp-content\/uploads\/2025\/10\/6-1-66x66.png 66w, https:\/\/canariaseurobaterias.com\/wp-content\/uploads\/2025\/10\/6-1-150x150.png 150w, https:\/\/canariaseurobaterias.com\/wp-content\/uploads\/2025\/10\/6-1-200x200.png 200w, https:\/\/canariaseurobaterias.com\/wp-content\/uploads\/2025\/10\/6-1.png 300w\" sizes=\"(max-width: 300px) 100vw, 300px\" \/><\/div><\/div><\/div><div class=\"swiper-slide\"><div class=\"fusion-carousel-item-wrapper\"><div class=\"fusion-image-wrapper hover-type-none\"><img decoding=\"async\" width=\"300\" height=\"300\" src=\"https:\/\/canariaseurobaterias.com\/wp-content\/uploads\/2025\/10\/7-2.png\" class=\"attachment-full size-full\" alt=\"\" srcset=\"https:\/\/canariaseurobaterias.com\/wp-content\/uploads\/2025\/10\/7-2-66x66.png 66w, https:\/\/canariaseurobaterias.com\/wp-content\/uploads\/2025\/10\/7-2-150x150.png 150w, https:\/\/canariaseurobaterias.com\/wp-content\/uploads\/2025\/10\/7-2-200x200.png 200w, https:\/\/canariaseurobaterias.com\/wp-content\/uploads\/2025\/10\/7-2.png 300w\" sizes=\"(max-width: 300px) 100vw, 300px\" \/><\/div><\/div><\/div><\/div><div class=\"awb-swiper-button awb-swiper-button-prev\"><i class=\"awb-icon-angle-left\" aria-hidden=\"true\"><\/i><\/div><div class=\"awb-swiper-button awb-swiper-button-next\"><i class=\"awb-icon-angle-right\" aria-hidden=\"true\"><\/i><\/div><\/div><\/div><\/div><\/div><\/div><div class=\"fusion-title title fusion-title-2 fusion-sep-none fusion-title-text fusion-title-size-four\" style=\"--awb-text-color:#110911;--awb-margin-top:40px;--awb-margin-right:40px;--awb-margin-bottom:25px;--awb-margin-left:40px;--awb-sep-color:#d1d1d1;--awb-font-size:30px;\"><h4 class=\"fusion-title-heading title-heading-left fusion-responsive-typography-calculated\" style=\"font-family:&quot;Barlow Condensed&quot;;font-style:normal;font-weight:500;margin:0;font-size:1em;text-transform:var(--awb-typography1-text-transform);--fontSize:30;line-height:1.2;\">VARTA&nbsp; PROFESSIONAL&nbsp; AGM&nbsp; &#8211; EFB&nbsp; &#8211;&nbsp; SLI<\/h4><\/div><div class=\"fusion-text fusion-text-1 fusion-text-no-margin\" style=\"--awb-font-size:18px;--awb-line-height:1.7;--awb-letter-spacing:0px;--awb-text-transform:var(--awb-typography4-text-transform);--awb-text-color:#653465;--awb-margin-right:40px;--awb-margin-bottom:45px;--awb-margin-left:40px;--awb-text-font-family:&quot;Barlow&quot;;--awb-text-font-style:normal;--awb-text-font-weight:400;\"><p>Las bater\u00edas VARTA\u00ae Professional AGM &#8211; EFB &#8211; SLI tienen una descarga m\u00ednima, por lo que son ideales para utilizaci\u00f3n de temporada en autocaravanas, caravanas y embarcaciones.<\/p>\n<ul>\n<li>Ideal para aplicaciones de doble uso (se puede utilizar tanto para arranque del motor como para suministro de energ\u00eda en general).<\/li>\n<li>Viajes nocturnos<\/li>\n<li>Demandas energ\u00e9ticas esenciales<\/li>\n<li>Alta ciclabilidad: hasta dos veces m\u00e1s resistente a los ciclos que las bater\u00edas h\u00famedas convencionales<\/li>\n<li>Una m\u00ednima autodescarga las hace ideales para uso estacional<\/li>\n<li>Mayor rendimiento de arranque, M\u00e1xima resistencia a las vibraciones.<\/li>\n<\/ul>\n<\/div><div class=\"fusion-separator fusion-full-width-sep\" style=\"align-self: center;margin-left: auto;margin-right: auto;flex-grow:1;width:100%;\"><\/div><div style=\"text-align:center;\"><a class=\"fusion-button button-flat fusion-button-default-size button-default fusion-button-default button-1 fusion-button-default-span \" style=\"--button_bevel_color:#cbe010;--button_bevel_color_hover:#cbe010;--button-border-radius-top-left:50px;--button-border-radius-top-right:50px;--button-border-radius-bottom-right:50px;--button-border-radius-bottom-left:50px;--button_text_transform:var(--awb-typography3-text-transform);--button_font_size:16px;--button_line_height:1.7;--button_padding-top:12px;--button_padding-right:28px;--button_padding-bottom:12px;--button_padding-left:28px;--button_typography-letter-spacing:0px;--button_typography-font-family:&quot;Arimo&quot;;--button_typography-font-style:normal;--button_typography-font-weight:600;--button_margin-top:0px;--button_margin-right:40px;--button_margin-bottom:40px;--button_margin-left:40px;\" target=\"_blank\" rel=\"noopener noreferrer\" href=\"https:\/\/canariaseurobaterias.com\/wp-content\/uploads\/2025\/10\/Varta-Caravana-y-embarcaciones.pdf\"><i class=\"fa-file-pdf fas button-icon-left\" aria-hidden=\"true\"><\/i><span class=\"fusion-button-text\">Cat\u00e1logo<\/span><\/a><\/div><\/div><\/div><div class=\"fusion-layout-column fusion_builder_column fusion-builder-column-2 fusion_builder_column_1_3 1_3 fusion-flex-column fusion-animated\" style=\"--awb-bg-color:#eeedef;--awb-bg-color-hover:#eeedef;--awb-bg-size:cover;--awb-width-large:33.333333333333%;--awb-margin-top-large:0px;--awb-spacing-right-large:5.76%;--awb-margin-bottom-large:0px;--awb-spacing-left-large:5.76%;--awb-width-medium:33.333333333333%;--awb-order-medium:0;--awb-spacing-right-medium:5.76%;--awb-spacing-left-medium:5.76%;--awb-width-small:100%;--awb-order-small:1;--awb-spacing-right-small:1.92%;--awb-margin-bottom-small:40px;--awb-spacing-left-small:1.92%;\" data-animationType=\"fadeInUp\" data-animationDuration=\"1.3\" data-animationOffset=\"top-into-view\"><div class=\"fusion-column-wrapper fusion-column-has-shadow fusion-flex-justify-content-flex-start fusion-content-layout-column\"><div class=\"fusion-builder-row fusion-builder-row-inner fusion-row fusion-flex-align-items-stretch fusion-flex-content-wrap\" style=\"width:104% !important;max-width:104% !important;margin-left: calc(-4% \/ 2 );margin-right: calc(-4% \/ 2 );\"><div class=\"fusion-layout-column fusion_builder_column_inner fusion-builder-nested-column-1 fusion_builder_column_inner_1_1 1_1 fusion-flex-column\" style=\"--awb-bg-size:cover;--awb-width-large:100%;--awb-margin-top-large:56px;--awb-spacing-right-large:1.92%;--awb-margin-bottom-large:85px;--awb-spacing-left-large:1.92%;--awb-width-medium:100%;--awb-order-medium:0;--awb-spacing-right-medium:1.92%;--awb-spacing-left-medium:1.92%;--awb-width-small:100%;--awb-order-small:0;--awb-spacing-right-small:1.92%;--awb-spacing-left-small:1.92%;\"><div class=\"fusion-column-wrapper fusion-column-has-shadow fusion-flex-justify-content-flex-start fusion-content-layout-column\"><div class=\"fusion-image-carousel fusion-image-carousel-auto fusion-image-carousel-2\"><div class=\"awb-carousel awb-swiper awb-swiper-carousel\" data-autoplay=\"yes\" data-columns=\"1\" data-itemmargin=\"13\" data-itemwidth=\"180\" data-touchscroll=\"no\" data-imagesize=\"auto\" style=\"--awb-columns:1;\"><div class=\"swiper-wrapper awb-image-carousel-wrapper fusion-flex-align-items-center\"><div class=\"swiper-slide\"><div class=\"fusion-carousel-item-wrapper\"><div class=\"fusion-image-wrapper hover-type-none\"><img decoding=\"async\" width=\"916\" height=\"561\" src=\"https:\/\/canariaseurobaterias.com\/wp-content\/uploads\/2024\/01\/FORMULA-STAR-MARINA.png\" class=\"attachment-full size-full\" alt=\"\" srcset=\"https:\/\/canariaseurobaterias.com\/wp-content\/uploads\/2024\/01\/FORMULA-STAR-MARINA-200x122.png 200w, https:\/\/canariaseurobaterias.com\/wp-content\/uploads\/2024\/01\/FORMULA-STAR-MARINA-300x184.png 300w, https:\/\/canariaseurobaterias.com\/wp-content\/uploads\/2024\/01\/FORMULA-STAR-MARINA-400x245.png 400w, https:\/\/canariaseurobaterias.com\/wp-content\/uploads\/2024\/01\/FORMULA-STAR-MARINA-600x367.png 600w, https:\/\/canariaseurobaterias.com\/wp-content\/uploads\/2024\/01\/FORMULA-STAR-MARINA-768x470.png 768w, https:\/\/canariaseurobaterias.com\/wp-content\/uploads\/2024\/01\/FORMULA-STAR-MARINA-800x490.png 800w, https:\/\/canariaseurobaterias.com\/wp-content\/uploads\/2024\/01\/FORMULA-STAR-MARINA.png 916w\" sizes=\"(max-width: 916px) 100vw, 916px\" \/><\/div><\/div><\/div><\/div><div class=\"awb-swiper-button awb-swiper-button-prev\"><i class=\"awb-icon-angle-left\" aria-hidden=\"true\"><\/i><\/div><div class=\"awb-swiper-button awb-swiper-button-next\"><i class=\"awb-icon-angle-right\" aria-hidden=\"true\"><\/i><\/div><\/div><\/div><\/div><\/div><\/div><div class=\"fusion-title title fusion-title-3 fusion-sep-none fusion-title-text fusion-title-size-four\" style=\"--awb-text-color:#110911;--awb-margin-top:40px;--awb-margin-right:40px;--awb-margin-bottom:25px;--awb-margin-left:40px;--awb-sep-color:#d1d1d1;--awb-font-size:30px;\"><h4 class=\"fusion-title-heading title-heading-left fusion-responsive-typography-calculated\" style=\"font-family:&quot;Barlow Condensed&quot;;font-style:normal;font-weight:500;margin:0;font-size:1em;text-transform:var(--awb-typography1-text-transform);--fontSize:30;line-height:1.2;\">FORMULA STAR MARINA<\/h4><\/div><div class=\"fusion-text fusion-text-2 fusion-text-no-margin\" style=\"--awb-font-size:18px;--awb-line-height:1.7;--awb-letter-spacing:0px;--awb-text-transform:var(--awb-typography4-text-transform);--awb-text-color:#653465;--awb-margin-right:40px;--awb-margin-bottom:45px;--awb-margin-left:40px;--awb-text-font-family:&quot;Barlow&quot;;--awb-text-font-style:normal;--awb-text-font-weight:400;\"><p>Bater\u00edas de Plomo-\u00c1cido Abierto para aplicaci\u00f3n en veh\u00edculos de recreo: embarcaciones.<\/p>\n<ul>\n<li>Reducida autodescarga<\/li>\n<li>Menor sensibilidad a las sobrecargas imprevistas<\/li>\n<li>Filtro antillama, desgasificaci\u00f3n central<\/li>\n<li>Bater\u00edas selladas, Antiderrames.<\/li>\n<li>Tecnolog\u00eda Calcio-Calcio, Libre mantenimiento<\/li>\n<li>Placas y separadores especiales<\/li>\n<\/ul>\n<\/div><div class=\"fusion-separator fusion-full-width-sep\" style=\"align-self: center;margin-left: auto;margin-right: auto;flex-grow:1;width:100%;\"><\/div><div style=\"text-align:center;\"><a class=\"fusion-button button-flat fusion-button-default-size button-default fusion-button-default button-2 fusion-button-default-span \" style=\"--button_bevel_color:#cbe010;--button_bevel_color_hover:#cbe010;--button-border-radius-top-left:50px;--button-border-radius-top-right:50px;--button-border-radius-bottom-right:50px;--button-border-radius-bottom-left:50px;--button_text_transform:var(--awb-typography3-text-transform);--button_font_size:16px;--button_line_height:1.7;--button_padding-top:12px;--button_padding-right:28px;--button_padding-bottom:12px;--button_padding-left:28px;--button_typography-letter-spacing:0px;--button_typography-font-family:&quot;Arimo&quot;;--button_typography-font-style:normal;--button_typography-font-weight:600;--button_margin-right:40px;--button_margin-bottom:40px;--button_margin-left:40px;\" target=\"_blank\" rel=\"noopener noreferrer\" href=\"https:\/\/canariaseurobaterias.com\/wp-content\/uploads\/2024\/01\/28.pdf\"><i class=\"fa-file-pdf fas button-icon-left\" aria-hidden=\"true\"><\/i><span class=\"fusion-button-text\">Cat\u00e1logo<\/span><\/a><\/div><\/div><\/div><div class=\"fusion-layout-column fusion_builder_column fusion-builder-column-3 fusion_builder_column_1_3 1_3 fusion-flex-column fusion-animated\" style=\"--awb-bg-color:#eeedef;--awb-bg-color-hover:#eeedef;--awb-bg-size:cover;--awb-width-large:33.333333333333%;--awb-margin-top-large:0px;--awb-spacing-right-large:5.76%;--awb-margin-bottom-large:0px;--awb-spacing-left-large:5.76%;--awb-width-medium:33.333333333333%;--awb-order-medium:0;--awb-spacing-right-medium:5.76%;--awb-spacing-left-medium:5.76%;--awb-width-small:100%;--awb-order-small:1;--awb-spacing-right-small:1.92%;--awb-margin-bottom-small:40px;--awb-spacing-left-small:1.92%;\" data-animationType=\"fadeInUp\" data-animationDuration=\"1.3\" data-animationOffset=\"top-into-view\"><div class=\"fusion-column-wrapper fusion-column-has-shadow fusion-flex-justify-content-flex-start fusion-content-layout-column\"><div class=\"fusion-builder-row fusion-builder-row-inner fusion-row fusion-flex-align-items-stretch fusion-flex-content-wrap\" style=\"width:104% !important;max-width:104% !important;margin-left: calc(-4% \/ 2 );margin-right: calc(-4% \/ 2 );\"><div class=\"fusion-layout-column fusion_builder_column_inner fusion-builder-nested-column-2 fusion_builder_column_inner_1_1 1_1 fusion-flex-column\" style=\"--awb-bg-size:cover;--awb-width-large:100%;--awb-margin-top-large:74px;--awb-spacing-right-large:1.92%;--awb-margin-bottom-large:68px;--awb-spacing-left-large:1.92%;--awb-width-medium:100%;--awb-order-medium:0;--awb-spacing-right-medium:1.92%;--awb-spacing-left-medium:1.92%;--awb-width-small:100%;--awb-order-small:0;--awb-spacing-right-small:1.92%;--awb-spacing-left-small:1.92%;\"><div class=\"fusion-column-wrapper fusion-column-has-shadow fusion-flex-justify-content-flex-start fusion-content-layout-column\"><div class=\"fusion-image-carousel fusion-image-carousel-auto fusion-image-carousel-3\"><div class=\"awb-carousel awb-swiper awb-swiper-carousel\" data-autoplay=\"yes\" data-columns=\"1\" data-itemmargin=\"13\" data-itemwidth=\"180\" data-touchscroll=\"no\" data-imagesize=\"auto\" style=\"--awb-columns:1;\"><div class=\"swiper-wrapper awb-image-carousel-wrapper fusion-flex-align-items-center\"><div class=\"swiper-slide\"><div class=\"fusion-carousel-item-wrapper\"><div class=\"fusion-image-wrapper hover-type-none\"><img decoding=\"async\" width=\"916\" height=\"561\" src=\"https:\/\/canariaseurobaterias.com\/wp-content\/uploads\/2024\/01\/FORMULA-STAR-SOLAR.png\" class=\"attachment-full size-full\" alt=\"\" srcset=\"https:\/\/canariaseurobaterias.com\/wp-content\/uploads\/2024\/01\/FORMULA-STAR-SOLAR-200x122.png 200w, https:\/\/canariaseurobaterias.com\/wp-content\/uploads\/2024\/01\/FORMULA-STAR-SOLAR-300x184.png 300w, https:\/\/canariaseurobaterias.com\/wp-content\/uploads\/2024\/01\/FORMULA-STAR-SOLAR-400x245.png 400w, https:\/\/canariaseurobaterias.com\/wp-content\/uploads\/2024\/01\/FORMULA-STAR-SOLAR-600x367.png 600w, https:\/\/canariaseurobaterias.com\/wp-content\/uploads\/2024\/01\/FORMULA-STAR-SOLAR-768x470.png 768w, https:\/\/canariaseurobaterias.com\/wp-content\/uploads\/2024\/01\/FORMULA-STAR-SOLAR-800x490.png 800w, https:\/\/canariaseurobaterias.com\/wp-content\/uploads\/2024\/01\/FORMULA-STAR-SOLAR.png 916w\" sizes=\"(max-width: 916px) 100vw, 916px\" \/><\/div><\/div><\/div><\/div><div class=\"awb-swiper-button awb-swiper-button-prev\"><i class=\"awb-icon-angle-left\" aria-hidden=\"true\"><\/i><\/div><div class=\"awb-swiper-button awb-swiper-button-next\"><i class=\"awb-icon-angle-right\" aria-hidden=\"true\"><\/i><\/div><\/div><\/div><\/div><\/div><\/div><div class=\"fusion-title title fusion-title-4 fusion-sep-none fusion-title-text fusion-title-size-four\" style=\"--awb-text-color:#110911;--awb-margin-top:40px;--awb-margin-right:40px;--awb-margin-bottom:25px;--awb-margin-left:40px;--awb-sep-color:#d1d1d1;--awb-font-size:30px;\"><h4 class=\"fusion-title-heading title-heading-left fusion-responsive-typography-calculated\" style=\"font-family:&quot;Barlow Condensed&quot;;font-style:normal;font-weight:500;margin:0;font-size:1em;text-transform:var(--awb-typography1-text-transform);--fontSize:30;line-height:1.2;\">FORMULA STAR SOLAR<\/h4><\/div><div class=\"fusion-text fusion-text-3 fusion-text-no-margin\" style=\"--awb-font-size:18px;--awb-line-height:1.7;--awb-letter-spacing:0px;--awb-text-transform:var(--awb-typography4-text-transform);--awb-text-color:#653465;--awb-margin-right:40px;--awb-margin-bottom:45px;--awb-margin-left:40px;--awb-text-font-family:&quot;Barlow&quot;;--awb-text-font-style:normal;--awb-text-font-weight:400;\"><p>Bater\u00edas de Plomo-\u00c1cido Abierto para aplicaciones de energ\u00edas renovables.<\/p>\n<ul>\n<li>Totalmente Libre de Mantenimiento<\/li>\n<li>Placas y separadores especiales<\/li>\n<li>Alta resistencia a profundos y continuos ciclos de carga y descarga<\/li>\n<li>Sistema de regulaci\u00f3n por v\u00e1lvula con supresor de llama<\/li>\n<li>Larga Vida en servicio, Reducida autodescarga<\/li>\n<li>Bater\u00eda herm\u00e9tica estacionaria (dise\u00f1ada para instalaciones fotovoltaicas de peque\u00f1o tama\u00f1o)<\/li>\n<\/ul>\n<\/div><div class=\"fusion-separator fusion-full-width-sep\" style=\"align-self: center;margin-left: auto;margin-right: auto;flex-grow:1;width:100%;\"><\/div><div style=\"text-align:center;\"><a class=\"fusion-button button-flat fusion-button-default-size button-default fusion-button-default button-3 fusion-button-default-span \" style=\"--button_bevel_color:#cbe010;--button_bevel_color_hover:#cbe010;--button-border-radius-top-left:50px;--button-border-radius-top-right:50px;--button-border-radius-bottom-right:50px;--button-border-radius-bottom-left:50px;--button_text_transform:var(--awb-typography3-text-transform);--button_font_size:16px;--button_line_height:1.7;--button_padding-top:12px;--button_padding-right:28px;--button_padding-bottom:12px;--button_padding-left:28px;--button_typography-letter-spacing:0px;--button_typography-font-family:&quot;Arimo&quot;;--button_typography-font-style:normal;--button_typography-font-weight:600;--button_margin-right:40px;--button_margin-bottom:40px;--button_margin-left:40px;\" target=\"_blank\" rel=\"noopener noreferrer\" href=\"https:\/\/canariaseurobaterias.com\/wp-content\/uploads\/2024\/01\/28.pdf\"><i class=\"fa-file-pdf fas button-icon-left\" aria-hidden=\"true\"><\/i><span class=\"fusion-button-text\">Cat\u00e1logo<\/span><\/a><\/div><\/div><\/div><\/div><\/div><\/p>\n","protected":false},"excerpt":{"rendered":"","protected":false},"author":1,"featured_media":0,"parent":0,"menu_order":0,"comment_status":"closed","ping_status":"closed","template":"100-width.php","meta":{"footnotes":""},"class_list":["post-294","page","type-page","status-publish","hentry"],"_links":{"self":[{"href":"https:\/\/canariaseurobaterias.com\/index.php\/wp-json\/wp\/v2\/pages\/294","targetHints":{"allow":["GET"]}}],"collection":[{"href":"https:\/\/canariaseurobaterias.com\/index.php\/wp-json\/wp\/v2\/pages"}],"about":[{"href":"https:\/\/canariaseurobaterias.com\/index.php\/wp-json\/wp\/v2\/types\/page"}],"author":[{"embeddable":true,"href":"https:\/\/canariaseurobaterias.com\/index.php\/wp-json\/wp\/v2\/users\/1"}],"replies":[{"embeddable":true,"href":"https:\/\/canariaseurobaterias.com\/index.php\/wp-json\/wp\/v2\/comments?post=294"}],"version-history":[{"count":30,"href":"https:\/\/canariaseurobaterias.com\/index.php\/wp-json\/wp\/v2\/pages\/294\/revisions"}],"predecessor-version":[{"id":593,"href":"https:\/\/canariaseurobaterias.com\/index.php\/wp-json\/wp\/v2\/pages\/294\/revisions\/593"}],"wp:attachment":[{"href":"https:\/\/canariaseurobaterias.com\/index.php\/wp-json\/wp\/v2\/media?parent=294"}],"curies":[{"name":"wp","href":"https:\/\/api.w.org\/{rel}","templated":true}]}}