{"id":296,"date":"2023-12-19T00:08:41","date_gmt":"2023-12-18T23:08:41","guid":{"rendered":"https:\/\/canariaseurobaterias.com\/?page_id=296"},"modified":"2025-10-07T16:48:09","modified_gmt":"2025-10-07T14:48:09","slug":"baterias-optima","status":"publish","type":"page","link":"https:\/\/canariaseurobaterias.com\/index.php\/baterias-optima\/","title":{"rendered":"\u00d3ptima"},"content":{"rendered":"<p><div class=\"fusion-fullwidth fullwidth-box fusion-builder-row-1 fusion-flex-container has-pattern-background has-mask-background nonhundred-percent-fullwidth non-hundred-percent-height-scrolling\" style=\"--awb-border-radius-top-left:0px;--awb-border-radius-top-right:0px;--awb-border-radius-bottom-right:0px;--awb-border-radius-bottom-left:0px;--awb-flex-wrap:wrap;\" ><div class=\"fusion-builder-row fusion-row fusion-flex-align-items-flex-start fusion-flex-content-wrap\" style=\"max-width:1248px;margin-left: calc(-4% \/ 2 );margin-right: calc(-4% \/ 2 );\"><div class=\"fusion-layout-column fusion_builder_column fusion-builder-column-0 fusion_builder_column_1_1 1_1 fusion-flex-column\" style=\"--awb-bg-size:cover;--awb-width-large:100%;--awb-margin-top-large:0px;--awb-spacing-right-large:1.92%;--awb-margin-bottom-large:20px;--awb-spacing-left-large:1.92%;--awb-width-medium:100%;--awb-order-medium:0;--awb-spacing-right-medium:1.92%;--awb-spacing-left-medium:1.92%;--awb-width-small:100%;--awb-order-small:0;--awb-spacing-right-small:1.92%;--awb-spacing-left-small:1.92%;\"><div class=\"fusion-column-wrapper fusion-column-has-shadow fusion-flex-justify-content-flex-start fusion-content-layout-column\"><div class=\"fusion-title title fusion-title-1 sep-underline sep-solid fusion-title-center fusion-title-text fusion-title-size-three\" style=\"--awb-sep-color:var(--awb-custom_color_1);\"><h3 class=\"fusion-title-heading title-heading-center\" style=\"margin:0;\">Optima<\/h3><\/div><div class=\"fusion-slider-sc\"><div class=\"fusion-flexslider-loading flexslider flexslider-hover-type-none\" data-slideshow_autoplay=\"1\" data-slideshow_smooth_height=\"0\" data-slideshow_speed=\"7000\" style=\"max-width:100%;height:100%;\"><ul class=\"slides\"><li class=\"image\"><span class=\"fusion-image-hover-element hover-type-none\"><img decoding=\"async\" src=\"https:\/\/canariaseurobaterias.com\/wp-content\/uploads\/2025\/10\/Banner-Optima.jpg\" width=\"1175\" height=\"458\" class=\"wp-image-487\" srcset=\"https:\/\/canariaseurobaterias.com\/wp-content\/uploads\/2025\/10\/Banner-Optima-200x78.jpg 200w, https:\/\/canariaseurobaterias.com\/wp-content\/uploads\/2025\/10\/Banner-Optima-400x156.jpg 400w, https:\/\/canariaseurobaterias.com\/wp-content\/uploads\/2025\/10\/Banner-Optima-600x234.jpg 600w, https:\/\/canariaseurobaterias.com\/wp-content\/uploads\/2025\/10\/Banner-Optima-800x312.jpg 800w, https:\/\/canariaseurobaterias.com\/wp-content\/uploads\/2025\/10\/Banner-Optima.jpg 1175w\" sizes=\"(max-width: 640px) 100vw, 1175px\" \/><\/span><\/li><\/ul><\/div><\/div><div class=\"fusion-text fusion-text-1\"><p>La bater\u00eda OPTIMA est\u00e1 basada en la Tecnolog\u00eda SpiralCell\u00ae. En lugar de las placas planas usadas en las bater\u00edas convencionales, utiliza dos placas de plomo estrechamente enrolladas en una espiral entre las que se encuentra la microfi bra de vidrio que contiene el \u00e1cido. La t\u00e9cnica de enrollar las placas, unidas por s\u00f3lidas conexiones, ofrece las m\u00e1ximas prestaciones con el m\u00ednimo peso y tama\u00f1o.<\/p>\n<\/div><\/div><\/div><\/div><\/div><div class=\"fusion-fullwidth fullwidth-box fusion-builder-row-2 fusion-flex-container nonhundred-percent-fullwidth non-hundred-percent-height-scrolling\" style=\"--link_hover_color: #ef15d9;--link_color: #ef15d9;--awb-border-sizes-top:0px;--awb-border-sizes-bottom:0px;--awb-border-sizes-left:0px;--awb-border-sizes-right:0px;--awb-border-color:#d1d1d1;--awb-border-radius-top-left:0px;--awb-border-radius-top-right:0px;--awb-border-radius-bottom-right:0px;--awb-border-radius-bottom-left:0px;--awb-padding-top:40px;--awb-padding-right:30px;--awb-padding-bottom:40px;--awb-padding-left:30px;--awb-padding-top-medium:72px;--awb-padding-bottom-medium:72px;--awb-padding-top-small:48px;--awb-padding-bottom-small:48px;--awb-margin-top:0px;--awb-margin-bottom:0px;--awb-background-color:#ffffff;--awb-flex-wrap:wrap;\" ><div class=\"fusion-builder-row fusion-row fusion-flex-align-items-stretch fusion-flex-content-wrap\" style=\"max-width:1248px;margin-left: calc(-4% \/ 2 );margin-right: calc(-4% \/ 2 );\"><div class=\"fusion-layout-column fusion_builder_column fusion-builder-column-1 fusion_builder_column_1_3 1_3 fusion-flex-column fusion-animated\" style=\"--awb-bg-color:#eeedef;--awb-bg-color-hover:#eeedef;--awb-bg-size:cover;--awb-width-large:33.333333333333%;--awb-margin-top-large:0px;--awb-spacing-right-large:5.76%;--awb-margin-bottom-large:0px;--awb-spacing-left-large:5.76%;--awb-width-medium:33.333333333333%;--awb-order-medium:0;--awb-spacing-right-medium:5.76%;--awb-spacing-left-medium:5.76%;--awb-width-small:100%;--awb-order-small:1;--awb-spacing-right-small:1.92%;--awb-margin-bottom-small:40px;--awb-spacing-left-small:1.92%;\" data-animationType=\"fadeInUp\" data-animationDuration=\"1.3\" data-animationOffset=\"top-into-view\"><div class=\"fusion-column-wrapper fusion-column-has-shadow fusion-flex-justify-content-flex-start fusion-content-layout-column\"><div class=\"fusion-builder-row fusion-builder-row-inner fusion-row fusion-flex-align-items-stretch fusion-flex-content-wrap\" style=\"width:104% !important;max-width:104% !important;margin-left: calc(-4% \/ 2 );margin-right: calc(-4% \/ 2 );\"><div class=\"fusion-layout-column fusion_builder_column_inner fusion-builder-nested-column-0 fusion_builder_column_inner_1_1 1_1 fusion-flex-column\" style=\"--awb-bg-size:cover;--awb-width-large:100%;--awb-margin-top-large:0px;--awb-spacing-right-large:1.92%;--awb-margin-bottom-large:0px;--awb-spacing-left-large:1.92%;--awb-width-medium:100%;--awb-order-medium:0;--awb-spacing-right-medium:1.92%;--awb-spacing-left-medium:1.92%;--awb-width-small:100%;--awb-order-small:0;--awb-spacing-right-small:1.92%;--awb-spacing-left-small:1.92%;\"><div class=\"fusion-column-wrapper fusion-column-has-shadow fusion-flex-justify-content-flex-start fusion-content-layout-column\"><div class=\"fusion-image-element \" style=\"--awb-caption-overlay-color:#ffffff;--awb-caption-title-font-family:var(--h2_typography-font-family);--awb-caption-title-font-weight:var(--h2_typography-font-weight);--awb-caption-title-font-style:var(--h2_typography-font-style);--awb-caption-title-size:var(--h2_typography-font-size);--awb-caption-title-transform:var(--h2_typography-text-transform);--awb-caption-title-line-height:var(--h2_typography-line-height);--awb-caption-title-letter-spacing:var(--h2_typography-letter-spacing);\"><span class=\" fusion-imageframe imageframe-none imageframe-1 hover-type-none\"><img decoding=\"async\" width=\"940\" height=\"780\" title=\"OPTIMA-RedTop-Hero-s\" src=\"https:\/\/canariaseurobaterias.com\/wp-content\/uploads\/2024\/01\/OPTIMA-RedTop-Hero-s.png\" alt class=\"img-responsive wp-image-378\" srcset=\"https:\/\/canariaseurobaterias.com\/wp-content\/uploads\/2024\/01\/OPTIMA-RedTop-Hero-s-200x166.png 200w, https:\/\/canariaseurobaterias.com\/wp-content\/uploads\/2024\/01\/OPTIMA-RedTop-Hero-s-400x332.png 400w, https:\/\/canariaseurobaterias.com\/wp-content\/uploads\/2024\/01\/OPTIMA-RedTop-Hero-s-600x498.png 600w, https:\/\/canariaseurobaterias.com\/wp-content\/uploads\/2024\/01\/OPTIMA-RedTop-Hero-s-800x664.png 800w, https:\/\/canariaseurobaterias.com\/wp-content\/uploads\/2024\/01\/OPTIMA-RedTop-Hero-s.png 940w\" sizes=\"(max-width: 640px) 100vw, 940px\" \/><\/span><\/div><\/div><\/div><\/div><div class=\"fusion-title title fusion-title-2 fusion-sep-none fusion-title-text fusion-title-size-four\" style=\"--awb-text-color:#110911;--awb-margin-top:40px;--awb-margin-right:40px;--awb-margin-bottom:25px;--awb-margin-left:40px;--awb-sep-color:#d1d1d1;--awb-font-size:30px;\"><h4 class=\"fusion-title-heading title-heading-left fusion-responsive-typography-calculated\" style=\"font-family:&quot;Barlow Condensed&quot;;font-style:normal;font-weight:500;margin:0;font-size:1em;text-transform:var(--awb-typography1-text-transform);--fontSize:30;line-height:1.2;\">REDTOP\u00ae BATERIAS<\/h4><\/div><div class=\"fusion-text fusion-text-2 fusion-text-no-margin\" style=\"--awb-font-size:18px;--awb-line-height:1.7;--awb-letter-spacing:0px;--awb-text-transform:var(--awb-typography4-text-transform);--awb-text-color:#653465;--awb-margin-right:40px;--awb-margin-bottom:45px;--awb-margin-left:40px;--awb-text-font-family:&quot;Barlow&quot;;--awb-text-font-style:normal;--awb-text-font-weight:400;\"><p>100% libre de escapes y sin mantenimiento. Pensadas para veh\u00edculos tuneados, todo terreno, 4&#215;4, camiones y veh\u00edculos agr\u00edcolas<\/p>\n<p>Las celdas selladas impiden escapes en la bater\u00eda aunque se instale de lado, lo que anula cualquier posibilidad de da\u00f1os<\/p>\n<p>producidos por el \u00e1cido de la bater\u00eda. La bater\u00eda OPTIMA\u00ae RedTop\u00ae demuestra su extraordinaria capacidad de arranque en la<\/p>\n<p>agricultura, donde el uso de la maquinaria suele ser estacional.<\/p>\n<\/div><div class=\"fusion-separator fusion-full-width-sep\" style=\"align-self: center;margin-left: auto;margin-right: auto;flex-grow:1;width:100%;\"><\/div><div style=\"text-align:center;\"><a class=\"fusion-button button-flat fusion-button-default-size button-default fusion-button-default button-1 fusion-button-default-span \" style=\"--button_bevel_color:#cbe010;--button_bevel_color_hover:#cbe010;--button-border-radius-top-left:50px;--button-border-radius-top-right:50px;--button-border-radius-bottom-right:50px;--button-border-radius-bottom-left:50px;--button_text_transform:var(--awb-typography3-text-transform);--button_font_size:16px;--button_line_height:1.7;--button_padding-top:12px;--button_padding-right:28px;--button_padding-bottom:12px;--button_padding-left:28px;--button_typography-letter-spacing:0px;--button_typography-font-family:&quot;Arimo&quot;;--button_typography-font-style:normal;--button_typography-font-weight:600;--button_margin-top:0px;--button_margin-right:40px;--button_margin-bottom:40px;--button_margin-left:40px;\" target=\"_blank\" rel=\"noopener noreferrer\" href=\"https:\/\/canariaseurobaterias.com\/wp-content\/uploads\/2025\/10\/Optima.pdf\"><i class=\"fa-file-pdf fas button-icon-left\" aria-hidden=\"true\"><\/i><span class=\"fusion-button-text\">Cat\u00e1logo<\/span><\/a><\/div><\/div><\/div><div class=\"fusion-layout-column fusion_builder_column fusion-builder-column-2 fusion_builder_column_1_3 1_3 fusion-flex-column fusion-animated\" style=\"--awb-bg-color:#eeedef;--awb-bg-color-hover:#eeedef;--awb-bg-size:cover;--awb-width-large:33.333333333333%;--awb-margin-top-large:0px;--awb-spacing-right-large:5.76%;--awb-margin-bottom-large:0px;--awb-spacing-left-large:5.76%;--awb-width-medium:33.333333333333%;--awb-order-medium:0;--awb-spacing-right-medium:5.76%;--awb-spacing-left-medium:5.76%;--awb-width-small:100%;--awb-order-small:1;--awb-spacing-right-small:1.92%;--awb-margin-bottom-small:40px;--awb-spacing-left-small:1.92%;\" data-animationType=\"fadeInUp\" data-animationDuration=\"1.3\" data-animationOffset=\"top-into-view\"><div class=\"fusion-column-wrapper fusion-column-has-shadow fusion-flex-justify-content-flex-start fusion-content-layout-column\"><div class=\"fusion-builder-row fusion-builder-row-inner fusion-row fusion-flex-align-items-stretch fusion-flex-content-wrap\" style=\"width:104% !important;max-width:104% !important;margin-left: calc(-4% \/ 2 );margin-right: calc(-4% \/ 2 );\"><div class=\"fusion-layout-column fusion_builder_column_inner fusion-builder-nested-column-1 fusion_builder_column_inner_1_1 1_1 fusion-flex-column\" style=\"--awb-bg-size:cover;--awb-width-large:100%;--awb-margin-top-large:0px;--awb-spacing-right-large:1.92%;--awb-margin-bottom-large:0px;--awb-spacing-left-large:1.92%;--awb-width-medium:100%;--awb-order-medium:0;--awb-spacing-right-medium:1.92%;--awb-spacing-left-medium:1.92%;--awb-width-small:100%;--awb-order-small:0;--awb-spacing-right-small:1.92%;--awb-spacing-left-small:1.92%;\"><div class=\"fusion-column-wrapper fusion-column-has-shadow fusion-flex-justify-content-flex-start fusion-content-layout-column\"><div class=\"fusion-image-element \" style=\"--awb-caption-overlay-color:#ffffff;--awb-caption-title-font-family:var(--h2_typography-font-family);--awb-caption-title-font-weight:var(--h2_typography-font-weight);--awb-caption-title-font-style:var(--h2_typography-font-style);--awb-caption-title-size:var(--h2_typography-font-size);--awb-caption-title-transform:var(--h2_typography-text-transform);--awb-caption-title-line-height:var(--h2_typography-line-height);--awb-caption-title-letter-spacing:var(--h2_typography-letter-spacing);\"><span class=\" fusion-imageframe imageframe-none imageframe-2 hover-type-none\"><img decoding=\"async\" width=\"940\" height=\"780\" title=\"OPTIMA-YellowTop-Hero\" src=\"https:\/\/canariaseurobaterias.com\/wp-content\/uploads\/2024\/01\/OPTIMA-YellowTop-Hero.png\" alt class=\"img-responsive wp-image-376\" srcset=\"https:\/\/canariaseurobaterias.com\/wp-content\/uploads\/2024\/01\/OPTIMA-YellowTop-Hero-200x166.png 200w, https:\/\/canariaseurobaterias.com\/wp-content\/uploads\/2024\/01\/OPTIMA-YellowTop-Hero-400x332.png 400w, https:\/\/canariaseurobaterias.com\/wp-content\/uploads\/2024\/01\/OPTIMA-YellowTop-Hero-600x498.png 600w, https:\/\/canariaseurobaterias.com\/wp-content\/uploads\/2024\/01\/OPTIMA-YellowTop-Hero-800x664.png 800w, https:\/\/canariaseurobaterias.com\/wp-content\/uploads\/2024\/01\/OPTIMA-YellowTop-Hero.png 940w\" sizes=\"(max-width: 640px) 100vw, 940px\" \/><\/span><\/div><\/div><\/div><\/div><div class=\"fusion-title title fusion-title-3 fusion-sep-none fusion-title-text fusion-title-size-four\" style=\"--awb-text-color:#110911;--awb-margin-top:40px;--awb-margin-right:40px;--awb-margin-bottom:25px;--awb-margin-left:40px;--awb-sep-color:#d1d1d1;--awb-font-size:30px;\"><h4 class=\"fusion-title-heading title-heading-left fusion-responsive-typography-calculated\" style=\"font-family:&quot;Barlow Condensed&quot;;font-style:normal;font-weight:500;margin:0;font-size:1em;text-transform:var(--awb-typography1-text-transform);--fontSize:30;line-height:1.2;\">YELLOWTOP\u00ae BATERIAS<\/h4><\/div><div class=\"fusion-text fusion-text-3 fusion-text-no-margin\" style=\"--awb-font-size:18px;--awb-line-height:1.7;--awb-letter-spacing:0px;--awb-text-transform:var(--awb-typography4-text-transform);--awb-text-color:#653465;--awb-margin-right:40px;--awb-margin-bottom:45px;--awb-margin-left:40px;--awb-text-font-family:&quot;Barlow&quot;;--awb-text-font-style:normal;--awb-text-font-weight:400;\"><p>Las bater\u00edas OPTIMA\u00ae YellowTop\u00ae garantizan potencia sin interrupci\u00f3n durante todo el ciclo de descarga, por muy dif\u00edcil que<\/p>\n<p>sea la situaci\u00f3n. La capacidad de mantener tensiones m\u00e1s altas durante el ciclo de descarga hace posible que OPTIMA\u00ae haga un<\/p>\n<p>mayor uso de la potencia almacenada que las bater\u00edas convencionales. Se puede cargar y descargar muchas veces sin p\u00e9rdida<\/p>\n<p>de capacidad, y es ideal para uso estacional debido a su m\u00ednimo \u00edndice de autodescarga.<\/p>\n<\/div><div class=\"fusion-separator fusion-full-width-sep\" style=\"align-self: center;margin-left: auto;margin-right: auto;flex-grow:1;width:100%;\"><\/div><div style=\"text-align:center;\"><a class=\"fusion-button button-flat fusion-button-default-size button-default fusion-button-default button-2 fusion-button-default-span \" style=\"--button_bevel_color:#cbe010;--button_bevel_color_hover:#cbe010;--button-border-radius-top-left:50px;--button-border-radius-top-right:50px;--button-border-radius-bottom-right:50px;--button-border-radius-bottom-left:50px;--button_text_transform:var(--awb-typography3-text-transform);--button_font_size:16px;--button_line_height:1.7;--button_padding-top:12px;--button_padding-right:28px;--button_padding-bottom:12px;--button_padding-left:28px;--button_typography-letter-spacing:0px;--button_typography-font-family:&quot;Arimo&quot;;--button_typography-font-style:normal;--button_typography-font-weight:600;--button_margin-right:40px;--button_margin-bottom:40px;--button_margin-left:40px;\" target=\"_self\" href=\"https:\/\/canariaseurobaterhttps:\/\/canariaseurobaterias.com\/wp-content\/uploads\/2025\/10\/Optima.pdf\"><i class=\"fa-file-pdf fas button-icon-left\" aria-hidden=\"true\"><\/i><span class=\"fusion-button-text\">Cat\u00e1logo<\/span><\/a><\/div><\/div><\/div><div class=\"fusion-layout-column fusion_builder_column fusion-builder-column-3 fusion_builder_column_1_3 1_3 fusion-flex-column fusion-animated\" style=\"--awb-bg-color:#eeedef;--awb-bg-color-hover:#eeedef;--awb-bg-size:cover;--awb-width-large:33.333333333333%;--awb-margin-top-large:0px;--awb-spacing-right-large:5.76%;--awb-margin-bottom-large:0px;--awb-spacing-left-large:5.76%;--awb-width-medium:33.333333333333%;--awb-order-medium:0;--awb-spacing-right-medium:5.76%;--awb-spacing-left-medium:5.76%;--awb-width-small:100%;--awb-order-small:1;--awb-spacing-right-small:1.92%;--awb-margin-bottom-small:40px;--awb-spacing-left-small:1.92%;\" data-animationType=\"fadeInUp\" data-animationDuration=\"1.3\" data-animationOffset=\"top-into-view\"><div class=\"fusion-column-wrapper fusion-column-has-shadow fusion-flex-justify-content-flex-start fusion-content-layout-column\"><div class=\"fusion-builder-row fusion-builder-row-inner fusion-row fusion-flex-align-items-stretch fusion-flex-content-wrap\" style=\"width:104% !important;max-width:104% !important;margin-left: calc(-4% \/ 2 );margin-right: calc(-4% \/ 2 );\"><div class=\"fusion-layout-column fusion_builder_column_inner fusion-builder-nested-column-2 fusion_builder_column_inner_1_1 1_1 fusion-flex-column\" style=\"--awb-bg-size:cover;--awb-width-large:100%;--awb-margin-top-large:0px;--awb-spacing-right-large:1.92%;--awb-margin-bottom-large:0px;--awb-spacing-left-large:1.92%;--awb-width-medium:100%;--awb-order-medium:0;--awb-spacing-right-medium:1.92%;--awb-spacing-left-medium:1.92%;--awb-width-small:100%;--awb-order-small:0;--awb-spacing-right-small:1.92%;--awb-spacing-left-small:1.92%;\"><div class=\"fusion-column-wrapper fusion-column-has-shadow fusion-flex-justify-content-flex-start fusion-content-layout-column\"><div class=\"fusion-image-element \" style=\"--awb-caption-overlay-color:#ffffff;--awb-caption-title-font-family:var(--h2_typography-font-family);--awb-caption-title-font-weight:var(--h2_typography-font-weight);--awb-caption-title-font-style:var(--h2_typography-font-style);--awb-caption-title-size:var(--h2_typography-font-size);--awb-caption-title-transform:var(--h2_typography-text-transform);--awb-caption-title-line-height:var(--h2_typography-line-height);--awb-caption-title-letter-spacing:var(--h2_typography-letter-spacing);\"><span class=\" fusion-imageframe imageframe-none imageframe-3 hover-type-none\"><img decoding=\"async\" width=\"940\" height=\"780\" title=\"OPTIMA-BlueTop-Hero\" src=\"https:\/\/canariaseurobaterias.com\/wp-content\/uploads\/2024\/01\/OPTIMA-BlueTop-Hero.png\" alt class=\"img-responsive wp-image-380\" srcset=\"https:\/\/canariaseurobaterias.com\/wp-content\/uploads\/2024\/01\/OPTIMA-BlueTop-Hero-200x166.png 200w, https:\/\/canariaseurobaterias.com\/wp-content\/uploads\/2024\/01\/OPTIMA-BlueTop-Hero-400x332.png 400w, https:\/\/canariaseurobaterias.com\/wp-content\/uploads\/2024\/01\/OPTIMA-BlueTop-Hero-600x498.png 600w, https:\/\/canariaseurobaterias.com\/wp-content\/uploads\/2024\/01\/OPTIMA-BlueTop-Hero-800x664.png 800w, https:\/\/canariaseurobaterias.com\/wp-content\/uploads\/2024\/01\/OPTIMA-BlueTop-Hero.png 940w\" sizes=\"(max-width: 640px) 100vw, 940px\" \/><\/span><\/div><\/div><\/div><\/div><div class=\"fusion-title title fusion-title-4 fusion-sep-none fusion-title-text fusion-title-size-four\" style=\"--awb-text-color:#110911;--awb-margin-top:40px;--awb-margin-right:40px;--awb-margin-bottom:25px;--awb-margin-left:40px;--awb-sep-color:#d1d1d1;--awb-font-size:30px;\"><h4 class=\"fusion-title-heading title-heading-left fusion-responsive-typography-calculated\" style=\"font-family:&quot;Barlow Condensed&quot;;font-style:normal;font-weight:500;margin:0;font-size:1em;text-transform:var(--awb-typography1-text-transform);--fontSize:30;line-height:1.2;\">BLUETOP\u00ae BATERIAS<\/h4><\/div><div class=\"fusion-text fusion-text-4 fusion-text-no-margin\" style=\"--awb-font-size:18px;--awb-line-height:1.7;--awb-letter-spacing:0px;--awb-text-transform:var(--awb-typography4-text-transform);--awb-text-color:#653465;--awb-margin-right:40px;--awb-margin-bottom:45px;--awb-margin-left:40px;--awb-text-font-family:&quot;Barlow&quot;;--awb-text-font-style:normal;--awb-text-font-weight:400;\"><p>La bater\u00eda OPTIMA\u00ae BlueTop\u00ae se ofrece en dos versiones que hacen de ella la bater\u00eda id\u00f3nea para todo tipo de condiciones<\/p>\n<p>marinas. Una de ellas, es una potente bater\u00eda de arranque (SLI) que provee la m\u00e1xima intensidad de arranque incluso en condiciones<\/p>\n<p>de humedad extrema del motor y de uso prolongado. La otra versi\u00f3n (DC) es una bater\u00eda de arranque\/ciclo profundo que tambi\u00e9n<\/p>\n<p>provee energ\u00eda a todos los equipos y accesorios de a bordo. La elecci\u00f3n id\u00f3nea para toda una variedad de embarcaciones.<\/p>\n<\/div><div class=\"fusion-separator fusion-full-width-sep\" style=\"align-self: center;margin-left: auto;margin-right: auto;flex-grow:1;width:100%;\"><\/div><div style=\"text-align:center;\"><a class=\"fusion-button button-flat fusion-button-default-size button-default fusion-button-default button-3 fusion-button-default-span \" style=\"--button_bevel_color:#cbe010;--button_bevel_color_hover:#cbe010;--button-border-radius-top-left:50px;--button-border-radius-top-right:50px;--button-border-radius-bottom-right:50px;--button-border-radius-bottom-left:50px;--button_text_transform:var(--awb-typography3-text-transform);--button_font_size:16px;--button_line_height:1.7;--button_padding-top:12px;--button_padding-right:28px;--button_padding-bottom:12px;--button_padding-left:28px;--button_typography-letter-spacing:0px;--button_typography-font-family:&quot;Arimo&quot;;--button_typography-font-style:normal;--button_typography-font-weight:600;--button_margin-right:40px;--button_margin-bottom:40px;--button_margin-left:40px;\" target=\"_self\" href=\"https:\/\/canariaseurobaterias.com\/wp-content\/uploads\/2025\/10\/Optima.pdf\"><i class=\"fa-file-pdf fas button-icon-left\" aria-hidden=\"true\"><\/i><span class=\"fusion-button-text\">Cat\u00e1logo<\/span><\/a><\/div><\/div><\/div><\/div><\/div><\/p>\n","protected":false},"excerpt":{"rendered":"","protected":false},"author":1,"featured_media":0,"parent":0,"menu_order":0,"comment_status":"closed","ping_status":"closed","template":"100-width.php","meta":{"footnotes":""},"class_list":["post-296","page","type-page","status-publish","hentry"],"_links":{"self":[{"href":"https:\/\/canariaseurobaterias.com\/index.php\/wp-json\/wp\/v2\/pages\/296","targetHints":{"allow":["GET"]}}],"collection":[{"href":"https:\/\/canariaseurobaterias.com\/index.php\/wp-json\/wp\/v2\/pages"}],"about":[{"href":"https:\/\/canariaseurobaterias.com\/index.php\/wp-json\/wp\/v2\/types\/page"}],"author":[{"embeddable":true,"href":"https:\/\/canariaseurobaterias.com\/index.php\/wp-json\/wp\/v2\/users\/1"}],"replies":[{"embeddable":true,"href":"https:\/\/canariaseurobaterias.com\/index.php\/wp-json\/wp\/v2\/comments?post=296"}],"version-history":[{"count":32,"href":"https:\/\/canariaseurobaterias.com\/index.php\/wp-json\/wp\/v2\/pages\/296\/revisions"}],"predecessor-version":[{"id":505,"href":"https:\/\/canariaseurobaterias.com\/index.php\/wp-json\/wp\/v2\/pages\/296\/revisions\/505"}],"wp:attachment":[{"href":"https:\/\/canariaseurobaterias.com\/index.php\/wp-json\/wp\/v2\/media?parent=296"}],"curies":[{"name":"wp","href":"https:\/\/api.w.org\/{rel}","templated":true}]}}