{"id":465,"date":"2024-01-18T22:48:34","date_gmt":"2024-01-18T21:48:34","guid":{"rendered":"https:\/\/canariaseurobaterias.com\/?page_id=465"},"modified":"2024-01-18T23:00:59","modified_gmt":"2024-01-18T22:00:59","slug":"medioambiente","status":"publish","type":"page","link":"https:\/\/canariaseurobaterias.com\/index.php\/medioambiente\/","title":{"rendered":"Medioambiente"},"content":{"rendered":"<div class=\"fusion-fullwidth fullwidth-box fusion-builder-row-1 fusion-flex-container has-pattern-background has-mask-background nonhundred-percent-fullwidth non-hundred-percent-height-scrolling\" style=\"--awb-border-radius-top-left:0px;--awb-border-radius-top-right:0px;--awb-border-radius-bottom-right:0px;--awb-border-radius-bottom-left:0px;--awb-flex-wrap:wrap;\" ><div class=\"fusion-builder-row fusion-row fusion-flex-align-items-flex-start fusion-flex-content-wrap\" style=\"max-width:1248px;margin-left: calc(-4% \/ 2 );margin-right: calc(-4% \/ 2 );\"><div class=\"fusion-layout-column fusion_builder_column fusion-builder-column-0 fusion_builder_column_1_1 1_1 fusion-flex-column\" style=\"--awb-bg-size:cover;--awb-width-large:100%;--awb-margin-top-large:0px;--awb-spacing-right-large:1.92%;--awb-margin-bottom-large:20px;--awb-spacing-left-large:1.92%;--awb-width-medium:100%;--awb-order-medium:0;--awb-spacing-right-medium:1.92%;--awb-spacing-left-medium:1.92%;--awb-width-small:100%;--awb-order-small:0;--awb-spacing-right-small:1.92%;--awb-spacing-left-small:1.92%;\"><div class=\"fusion-column-wrapper fusion-column-has-shadow fusion-flex-justify-content-flex-start fusion-content-layout-column\"><div class=\"fusion-title title fusion-title-1 sep-underline sep-solid fusion-title-center fusion-title-text fusion-title-size-three\" style=\"--awb-sep-color:var(--awb-custom_color_1);\"><h3 class=\"fusion-title-heading title-heading-center\" style=\"margin:0;\">Medioambiente<\/h3><\/div><div class=\"fusion-slider-sc\" style=\"margin-top:0px;\"><div class=\"fusion-flexslider-loading flexslider flexslider-hover-type-none\" data-slideshow_autoplay=\"1\" data-slideshow_smooth_height=\"0\" data-slideshow_speed=\"7000\" style=\"max-width:100%;height:100%;\"><ul class=\"slides\"><li class=\"image\"><span class=\"fusion-image-hover-element hover-type-none\"><img decoding=\"async\" src=\"https:\/\/canariaseurobaterias.com\/wp-content\/uploads\/2024\/01\/Medioambiente.jpeg\" width=\"1132\" height=\"468\" class=\"wp-image-471\" srcset=\"https:\/\/canariaseurobaterias.com\/wp-content\/uploads\/2024\/01\/Medioambiente-200x83.jpeg 200w, https:\/\/canariaseurobaterias.com\/wp-content\/uploads\/2024\/01\/Medioambiente-400x165.jpeg 400w, https:\/\/canariaseurobaterias.com\/wp-content\/uploads\/2024\/01\/Medioambiente-600x248.jpeg 600w, https:\/\/canariaseurobaterias.com\/wp-content\/uploads\/2024\/01\/Medioambiente-800x331.jpeg 800w, https:\/\/canariaseurobaterias.com\/wp-content\/uploads\/2024\/01\/Medioambiente.jpeg 1132w\" sizes=\"(max-width: 640px) 100vw, 1132px\" \/><\/span><\/li><\/ul><\/div><\/div><div class=\"fusion-text fusion-text-1 fusion-text-no-margin\" style=\"--awb-font-size:18px;--awb-line-height:1.7;--awb-letter-spacing:0px;--awb-text-transform:var(--awb-typography4-text-transform);--awb-text-color:#653465;--awb-margin-right:40px;--awb-margin-bottom:45px;--awb-margin-left:40px;--awb-text-font-family:&quot;Barlow&quot;;--awb-text-font-style:normal;--awb-text-font-weight:400;\"><\/p>\n<p>Teniendo en cuenta nuestra rutina diaria y si se les preguntara cual es el producto m\u00e1s reciclado, nos dir\u00edan: el papel, el vidrio, los neum\u00e1ticos o incluso el aluminio. Aunque estos productos est\u00e1n ah\u00ed, sorprender\u00eda que el puesto n\u00famero uno sea ocupado por la conocida bater\u00eda de coche, y eso se debe en gran parte a toda una cadena que comienza con los talleres, ustedes los clientes y las gestiones que tambi\u00e9n realizamos nosotros, aparte de otras muchas, como gestores de transporte de este tipo de residuo. <\/p>\n<p>La cantidad de clientes con conciencia ecol\u00f3gica es cada vez mayor. No obstante, hasta las bater\u00edas mas duraderas hay que cambiarlas en cualquier momento. Canarias Euro Bater\u00edas, S.L. est\u00e1 enormemente comprometida con el reciclaje, dando a sus clientes la seguridad de saber que todo el plomo extra\u00eddo de las bater\u00edas se reutiliza sin sacrificar la calidad por el fabricante cumpliendo todos los requisitos legales.<\/p>\n<p>Datos sobre las bater\u00edas de plomo-\u00e1cido:<\/p>\n<p>El 98% de las bater\u00edas de plomo de los veh\u00edculos se recogen y se reciclan al final de la vida \u00fatil.<\/p>\n<p>Actualmente, el 75% de las bater\u00edas de plomo europeas se producen a partir de fuentes recicladas.<\/p>\n<p>El reciclaje es muy importante para la sostenibilidad del medioambiente. Canarias Euro Bater\u00edas, S.L. les ofrece la posibilidad de colaborar con el medioambiente recogiendo todas las bater\u00edas usadas, no importa la tecnolog\u00eda ni la marca que sea.<\/p>\n<p>Canarias Euro Bater\u00edas, S.L. colabora con el acuerdo voluntario para la gesti\u00f3n de bater\u00edas plomo-acido que naci\u00f3 por acuerdo de la pr\u00e1ctica totalidad de los agentes involucrados en la cadena de tratamiento de bater\u00edas para dar cumplimiento a lo establecido en el Real Decreto 106\/2008 de 1  de Febrero sobre acumuladores y la gesti\u00f3n medioambiental de sus residuos y su posterior modificaci\u00f3n mediante el Real Decreto  943\/2010.<\/p>\n<p>Mas informaci\u00f3n: www.reciclatubateria.com<\/p>\n<\/div><\/div><\/div><\/div><\/div>\n","protected":false},"excerpt":{"rendered":"","protected":false},"author":1,"featured_media":0,"parent":0,"menu_order":0,"comment_status":"closed","ping_status":"closed","template":"100-width.php","meta":{"footnotes":""},"class_list":["post-465","page","type-page","status-publish","hentry"],"_links":{"self":[{"href":"https:\/\/canariaseurobaterias.com\/index.php\/wp-json\/wp\/v2\/pages\/465","targetHints":{"allow":["GET"]}}],"collection":[{"href":"https:\/\/canariaseurobaterias.com\/index.php\/wp-json\/wp\/v2\/pages"}],"about":[{"href":"https:\/\/canariaseurobaterias.com\/index.php\/wp-json\/wp\/v2\/types\/page"}],"author":[{"embeddable":true,"href":"https:\/\/canariaseurobaterias.com\/index.php\/wp-json\/wp\/v2\/users\/1"}],"replies":[{"embeddable":true,"href":"https:\/\/canariaseurobaterias.com\/index.php\/wp-json\/wp\/v2\/comments?post=465"}],"version-history":[{"count":6,"href":"https:\/\/canariaseurobaterias.com\/index.php\/wp-json\/wp\/v2\/pages\/465\/revisions"}],"predecessor-version":[{"id":474,"href":"https:\/\/canariaseurobaterias.com\/index.php\/wp-json\/wp\/v2\/pages\/465\/revisions\/474"}],"wp:attachment":[{"href":"https:\/\/canariaseurobaterias.com\/index.php\/wp-json\/wp\/v2\/media?parent=465"}],"curies":[{"name":"wp","href":"https:\/\/api.w.org\/{rel}","templated":true}]}}